{"id":6325,"date":"2023-03-21T21:50:46","date_gmt":"2023-03-21T19:50:46","guid":{"rendered":"https:\/\/kirjanduskeskus.ee\/literary-street\/"},"modified":"2023-11-02T17:07:11","modified_gmt":"2023-11-02T15:07:11","slug":"literary-street","status":"publish","type":"page","link":"https:\/\/kirjanduskeskus.ee\/en\/literary-street\/","title":{"rendered":"Literary Street"},"content":{"rendered":"\t\t<div data-elementor-type=\"wp-page\" data-elementor-id=\"6325\" class=\"elementor elementor-6325 elementor-223\" data-elementor-post-type=\"page\">\n\t\t\t\t\t\t<section data-particle_enable=\"false\" data-particle-mobile-disabled=\"false\" class=\"elementor-section elementor-top-section elementor-element elementor-element-15430aaa elementor-section-boxed elementor-section-height-default elementor-section-height-default\" data-id=\"15430aaa\" data-element_type=\"section\" data-e-type=\"section\" data-settings=\"{&quot;background_background&quot;:&quot;classic&quot;}\">\n\t\t\t\t\t\t\t<div class=\"elementor-background-overlay\"><\/div>\n\t\t\t\t\t\t\t<div class=\"elementor-container elementor-column-gap-default\">\n\t\t\t\t\t<div class=\"elementor-column elementor-col-100 elementor-top-column elementor-element elementor-element-32815c\" data-id=\"32815c\" data-element_type=\"column\" data-e-type=\"column\">\n\t\t\t<div class=\"elementor-widget-wrap elementor-element-populated\">\n\t\t\t\t\t\t<div class=\"elementor-element elementor-element-41aa5482 elementor-widget elementor-widget-spacer\" data-id=\"41aa5482\" data-element_type=\"widget\" data-e-type=\"widget\" data-widget_type=\"spacer.default\">\n\t\t\t\t<div class=\"elementor-widget-container\">\n\t\t\t\t\t\t\t<div class=\"elementor-spacer\">\n\t\t\t<div class=\"elementor-spacer-inner\"><\/div>\n\t\t<\/div>\n\t\t\t\t\t\t<\/div>\n\t\t\t\t<\/div>\n\t\t\t\t<div class=\"elementor-element elementor-element-507563e1 elementor-widget elementor-widget-heading\" data-id=\"507563e1\" data-element_type=\"widget\" data-e-type=\"widget\" data-widget_type=\"heading.default\">\n\t\t\t\t<div class=\"elementor-widget-container\">\n\t\t\t\t\t<h2 class=\"elementor-heading-title elementor-size-default\">Literary Street<\/h2>\t\t\t\t<\/div>\n\t\t\t\t<\/div>\n\t\t\t\t<div class=\"elementor-element elementor-element-3674334a elementor-widget elementor-widget-spacer\" data-id=\"3674334a\" data-element_type=\"widget\" data-e-type=\"widget\" data-widget_type=\"spacer.default\">\n\t\t\t\t<div class=\"elementor-widget-container\">\n\t\t\t\t\t\t\t<div class=\"elementor-spacer\">\n\t\t\t<div class=\"elementor-spacer-inner\"><\/div>\n\t\t<\/div>\n\t\t\t\t\t\t<\/div>\n\t\t\t\t<\/div>\n\t\t\t\t\t<\/div>\n\t\t<\/div>\n\t\t\t\t\t<\/div>\n\t\t<\/section>\n\t\t\t\t<section data-particle_enable=\"false\" data-particle-mobile-disabled=\"false\" class=\"elementor-section elementor-top-section elementor-element elementor-element-8f5436e elementor-section-boxed elementor-section-height-default elementor-section-height-default\" data-id=\"8f5436e\" data-element_type=\"section\" data-e-type=\"section\">\n\t\t\t\t\t\t<div class=\"elementor-container elementor-column-gap-default\">\n\t\t\t\t\t<div class=\"elementor-column elementor-col-50 elementor-top-column elementor-element elementor-element-b5f4673\" data-id=\"b5f4673\" data-element_type=\"column\" data-e-type=\"column\">\n\t\t\t<div class=\"elementor-widget-wrap elementor-element-populated\">\n\t\t\t\t\t\t<div class=\"elementor-element elementor-element-180dc81 elementor-widget elementor-widget-image\" data-id=\"180dc81\" data-element_type=\"widget\" data-e-type=\"widget\" data-widget_type=\"image.default\">\n\t\t\t\t<div class=\"elementor-widget-container\">\n\t\t\t\t\t\t\t\t\t\t\t\t\t\t\t<img fetchpriority=\"high\" decoding=\"async\" width=\"899\" height=\"492\" src=\"https:\/\/kirjanduskeskus.ee\/wp-content\/uploads\/2023\/07\/esikaas.jpeg\" class=\"attachment-large size-large wp-image-2297\" alt=\"\" srcset=\"https:\/\/kirjanduskeskus.ee\/wp-content\/uploads\/2023\/07\/esikaas.jpeg 899w, https:\/\/kirjanduskeskus.ee\/wp-content\/uploads\/2023\/07\/esikaas-300x164.jpeg 300w, https:\/\/kirjanduskeskus.ee\/wp-content\/uploads\/2023\/07\/esikaas-768x420.jpeg 768w, https:\/\/kirjanduskeskus.ee\/wp-content\/uploads\/2023\/07\/esikaas-150x82.jpeg 150w\" sizes=\"(max-width: 899px) 100vw, 899px\" \/>\t\t\t\t\t\t\t\t\t\t\t\t\t\t\t<\/div>\n\t\t\t\t<\/div>\n\t\t\t\t\t<\/div>\n\t\t<\/div>\n\t\t\t\t<div class=\"elementor-column elementor-col-50 elementor-top-column elementor-element elementor-element-a7fb683\" data-id=\"a7fb683\" data-element_type=\"column\" data-e-type=\"column\">\n\t\t\t<div class=\"elementor-widget-wrap elementor-element-populated\">\n\t\t\t\t\t\t<div class=\"elementor-element elementor-element-52b4094 elementor-widget elementor-widget-spacer\" data-id=\"52b4094\" data-element_type=\"widget\" data-e-type=\"widget\" data-widget_type=\"spacer.default\">\n\t\t\t\t<div class=\"elementor-widget-container\">\n\t\t\t\t\t\t\t<div class=\"elementor-spacer\">\n\t\t\t<div class=\"elementor-spacer-inner\"><\/div>\n\t\t<\/div>\n\t\t\t\t\t\t<\/div>\n\t\t\t\t<\/div>\n\t\t\t\t<div class=\"elementor-element elementor-element-a7c4022 elementor-widget elementor-widget-text-editor\" data-id=\"a7c4022\" data-element_type=\"widget\" data-e-type=\"widget\" data-widget_type=\"text-editor.default\">\n\t\t\t\t<div class=\"elementor-widget-container\">\n\t\t\t\t\t\t\t\t\t<p>Koidula Street in Kadriorg is a particularly connected with literary. Lydia Koidula is a great figure of Estonian poetry, 19th century romantic patriotic singer-songwriter. At the beginning of the street that bears his name is the home of the most important literary classic of our 20th century, A. H. At the other end of the street is the museum of Eduard Vilde, the founder of Estonian realist literature. <\/p>\n<div id=\"aircall-extension-app\"> <\/div>\n\t\t\t\t\t\t\t\t<\/div>\n\t\t\t\t<\/div>\n\t\t\t\t\t<\/div>\n\t\t<\/div>\n\t\t\t\t\t<\/div>\n\t\t<\/section>\n\t\t\t\t<section data-particle_enable=\"false\" data-particle-mobile-disabled=\"false\" class=\"elementor-section elementor-top-section elementor-element elementor-element-845c4b7 elementor-section-boxed elementor-section-height-default elementor-section-height-default\" data-id=\"845c4b7\" data-element_type=\"section\" data-e-type=\"section\">\n\t\t\t\t\t\t<div class=\"elementor-container elementor-column-gap-default\">\n\t\t\t\t\t<div class=\"elementor-column elementor-col-100 elementor-top-column elementor-element elementor-element-ca8c47d\" data-id=\"ca8c47d\" data-element_type=\"column\" data-e-type=\"column\">\n\t\t\t<div class=\"elementor-widget-wrap elementor-element-populated\">\n\t\t\t\t\t\t<div class=\"elementor-element elementor-element-38fb648 elementor-widget elementor-widget-text-editor\" data-id=\"38fb648\" data-element_type=\"widget\" data-e-type=\"widget\" data-widget_type=\"text-editor.default\">\n\t\t\t\t<div class=\"elementor-widget-container\">\n\t\t\t\t\t\t\t\t\t<p>In the middle of the street is the museum of our literary innovator of the second half of the 20th century and theatre director Mati Unt.  It is located in a house that was built for writers at the end of the 1980s and is still home to several beloved writers, such as Viivi Luik, Jaak J\u00f5er\u00fc\u00fct, Mari Saat, \u00dclo Tuulik and others.  We also envision a library in the middle of the street.<\/p>\n<div id=\"aircall-extension-app\"> <\/div>\n\t\t\t\t\t\t\t\t<\/div>\n\t\t\t\t<\/div>\n\t\t\t\t\t<\/div>\n\t\t<\/div>\n\t\t\t\t\t<\/div>\n\t\t<\/section>\n\t\t\t\t<section data-particle_enable=\"false\" data-particle-mobile-disabled=\"false\" class=\"elementor-section elementor-top-section elementor-element elementor-element-26f6329 elementor-section-boxed elementor-section-height-default elementor-section-height-default\" data-id=\"26f6329\" data-element_type=\"section\" data-e-type=\"section\">\n\t\t\t\t\t\t<div class=\"elementor-container elementor-column-gap-default\">\n\t\t\t\t\t<div class=\"elementor-column elementor-col-50 elementor-top-column elementor-element elementor-element-4246554\" data-id=\"4246554\" data-element_type=\"column\" data-e-type=\"column\">\n\t\t\t<div class=\"elementor-widget-wrap elementor-element-populated\">\n\t\t\t\t\t\t<div class=\"elementor-element elementor-element-d72e84c elementor-widget elementor-widget-text-editor\" data-id=\"d72e84c\" data-element_type=\"widget\" data-e-type=\"widget\" data-widget_type=\"text-editor.default\">\n\t\t\t\t<div class=\"elementor-widget-container\">\n\t\t\t\t\t\t\t\t\t<p>2020. , a reading pavilion was opened on the corner of Koidula and Faehlmann streets to give books and literature a more visible presence in the public space of the city. The book saves some people from being lost, said A. H. Tammsaare. The Reading Pavilion is an exceptional phenomenon not only in Kadriorg, but in Estonia as a whole, and there is no similar place popularising literature in neighbouring countries.<\/p>\n<div id=\"aircall-extension-app\"> <\/div>\n\t\t\t\t\t\t\t\t<\/div>\n\t\t\t\t<\/div>\n\t\t\t\t\t<\/div>\n\t\t<\/div>\n\t\t\t\t<div class=\"elementor-column elementor-col-50 elementor-top-column elementor-element elementor-element-1e8fed8\" data-id=\"1e8fed8\" data-element_type=\"column\" data-e-type=\"column\">\n\t\t\t<div class=\"elementor-widget-wrap elementor-element-populated\">\n\t\t\t\t\t\t<div class=\"elementor-element elementor-element-30b80a7 elementor-widget elementor-widget-image\" data-id=\"30b80a7\" data-element_type=\"widget\" data-e-type=\"widget\" data-widget_type=\"image.default\">\n\t\t\t\t<div class=\"elementor-widget-container\">\n\t\t\t\t\t\t\t\t\t\t\t\t\t\t\t<img decoding=\"async\" width=\"774\" height=\"452\" src=\"https:\/\/kirjanduskeskus.ee\/wp-content\/uploads\/2023\/07\/tanav.jpeg\" class=\"attachment-large size-large wp-image-2298\" alt=\"\" srcset=\"https:\/\/kirjanduskeskus.ee\/wp-content\/uploads\/2023\/07\/tanav.jpeg 774w, https:\/\/kirjanduskeskus.ee\/wp-content\/uploads\/2023\/07\/tanav-300x175.jpeg 300w, https:\/\/kirjanduskeskus.ee\/wp-content\/uploads\/2023\/07\/tanav-768x448.jpeg 768w, https:\/\/kirjanduskeskus.ee\/wp-content\/uploads\/2023\/07\/tanav-150x88.jpeg 150w\" sizes=\"(max-width: 774px) 100vw, 774px\" \/>\t\t\t\t\t\t\t\t\t\t\t\t\t\t\t<\/div>\n\t\t\t\t<\/div>\n\t\t\t\t\t<\/div>\n\t\t<\/div>\n\t\t\t\t\t<\/div>\n\t\t<\/section>\n\t\t\t\t<section data-particle_enable=\"false\" data-particle-mobile-disabled=\"false\" class=\"elementor-section elementor-top-section elementor-element elementor-element-4fb3af1 elementor-section-boxed elementor-section-height-default elementor-section-height-default\" data-id=\"4fb3af1\" data-element_type=\"section\" data-e-type=\"section\">\n\t\t\t\t\t\t<div class=\"elementor-container elementor-column-gap-default\">\n\t\t\t\t\t<div class=\"elementor-column elementor-col-100 elementor-top-column elementor-element elementor-element-ba345c5\" data-id=\"ba345c5\" data-element_type=\"column\" data-e-type=\"column\">\n\t\t\t<div class=\"elementor-widget-wrap elementor-element-populated\">\n\t\t\t\t\t\t<div class=\"elementor-element elementor-element-c160c58 elementor-widget elementor-widget-text-editor\" data-id=\"c160c58\" data-element_type=\"widget\" data-e-type=\"widget\" data-widget_type=\"text-editor.default\">\n\t\t\t\t<div class=\"elementor-widget-container\">\n\t\t\t\t\t\t\t\t\t<p>2017. The Literary Street Festival, organised by the Tallinn Literary Centre on Koidula Street, aims to draw attention to Estonian literature, literary heritage and the literary public space around us.<\/p>\n<p>To this end, a variety of organisations directly or indirectly involved in literature have been gathered on the street, with whom a rich cultural programme will be created. Over the course of the day, thousands of people visit the festival, with around 60 different events ranging from book launches to unique literary events. In addition to the literary crowd, we will bring together the local community, who will contribute both with courtyard caf\u00e9s and an involvement in the programme. The festival was nominated in the \u201cFriend of the Community\u201d category at the Estonian Museums Awards. In the light of the above, we believe that the Literary Street, which has already been successfully established and developed, needs to be formalised in the public space with specific and meaningful design elements.<\/p>\n<p>In this way, the uniqueness of Literary Street would be even more visually apparent. The city of Tallinn would get an original cultural object in the form of such a street, which would appreciate and highlight our cultural heritage, contemporary literature and value public urban space. We do not know of a similar literary street elsewhere in Europe, so it could become a tourist attraction.<\/p>\t\t\t\t\t\t\t\t<\/div>\n\t\t\t\t<\/div>\n\t\t\t\t\t<\/div>\n\t\t<\/div>\n\t\t\t\t\t<\/div>\n\t\t<\/section>\n\t\t\t\t<section data-particle_enable=\"false\" data-particle-mobile-disabled=\"false\" class=\"elementor-section elementor-top-section elementor-element elementor-element-a9b0ff8 elementor-section-boxed elementor-section-height-default elementor-section-height-default\" data-id=\"a9b0ff8\" data-element_type=\"section\" data-e-type=\"section\">\n\t\t\t\t\t\t<div class=\"elementor-container elementor-column-gap-default\">\n\t\t\t\t\t<div class=\"elementor-column elementor-col-50 elementor-top-column elementor-element elementor-element-3f48259\" data-id=\"3f48259\" data-element_type=\"column\" data-e-type=\"column\">\n\t\t\t<div class=\"elementor-widget-wrap elementor-element-populated\">\n\t\t\t\t\t\t<div class=\"elementor-element elementor-element-6ebb2f8 elementor-widget elementor-widget-image\" data-id=\"6ebb2f8\" data-element_type=\"widget\" data-e-type=\"widget\" data-widget_type=\"image.default\">\n\t\t\t\t<div class=\"elementor-widget-container\">\n\t\t\t\t\t\t\t\t\t\t\t\t\t\t\t<img decoding=\"async\" width=\"776\" height=\"436\" src=\"https:\/\/kirjanduskeskus.ee\/wp-content\/uploads\/2023\/07\/vaade.jpeg\" class=\"attachment-large size-large wp-image-2299\" alt=\"\" srcset=\"https:\/\/kirjanduskeskus.ee\/wp-content\/uploads\/2023\/07\/vaade.jpeg 776w, https:\/\/kirjanduskeskus.ee\/wp-content\/uploads\/2023\/07\/vaade-300x169.jpeg 300w, https:\/\/kirjanduskeskus.ee\/wp-content\/uploads\/2023\/07\/vaade-768x432.jpeg 768w, https:\/\/kirjanduskeskus.ee\/wp-content\/uploads\/2023\/07\/vaade-150x84.jpeg 150w\" sizes=\"(max-width: 776px) 100vw, 776px\" \/>\t\t\t\t\t\t\t\t\t\t\t\t\t\t\t<\/div>\n\t\t\t\t<\/div>\n\t\t\t\t\t<\/div>\n\t\t<\/div>\n\t\t\t\t<div class=\"elementor-column elementor-col-50 elementor-top-column elementor-element elementor-element-6210aed\" data-id=\"6210aed\" data-element_type=\"column\" data-e-type=\"column\">\n\t\t\t<div class=\"elementor-widget-wrap elementor-element-populated\">\n\t\t\t\t\t\t<div class=\"elementor-element elementor-element-93f640b elementor-widget__width-initial elementor-widget elementor-widget-text-editor\" data-id=\"93f640b\" data-element_type=\"widget\" data-e-type=\"widget\" data-widget_type=\"text-editor.default\">\n\t\t\t\t<div class=\"elementor-widget-container\">\n\t\t\t\t\t\t\t\t\t<p>In this way, the uniqueness of Literary Street would be even more visually apparent. The city of Tallinn would get an original cultural object in the form of such a street, which would appreciate and highlight our cultural heritage, contemporary literature and value public urban space. We do not know of a similar literary street elsewhere in Europe, so it could become a tourist attraction.<\/p>\n<p><strong>A working version of the street reconstruction plan is available <a href=\"https:\/\/kirjanduskeskus.ee\/wp-content\/uploads\/2023\/07\/Koidula-tn_KAMP_25052022.pdf\" target=\"_blank\" rel=\"noopener\">HERE<\/a>.<\/strong><\/p>\t\t\t\t\t\t\t\t<\/div>\n\t\t\t\t<\/div>\n\t\t\t\t\t<\/div>\n\t\t<\/div>\n\t\t\t\t\t<\/div>\n\t\t<\/section>\n\t\t\t\t<\/div>\n\t\t","protected":false},"excerpt":{"rendered":"<p>Literary Street Koidula Street in Kadriorg is a particularly connected with literary. Lydia Koidula is a great figure of Estonian poetry, 19th century romantic patriotic singer-songwriter. At the beginning of the street that bears his name is the home of the most important literary classic of our 20th century, A.&hellip;<\/p>\n","protected":false},"author":3,"featured_media":0,"parent":0,"menu_order":0,"comment_status":"closed","ping_status":"closed","template":"elementor_header_footer","meta":{"footnotes":""},"class_list":["post-6325","page","type-page","status-publish","hentry"],"yoast_head":"<!-- This site is optimized with the Yoast SEO plugin v27.5 - https:\/\/yoast.com\/product\/yoast-seo-wordpress\/ -->\n<title>Literary Street - Tallinna Kirjanduskeskus<\/title>\n<meta name=\"robots\" content=\"index, follow, max-snippet:-1, max-image-preview:large, max-video-preview:-1\" \/>\n<link rel=\"canonical\" href=\"https:\/\/kirjanduskeskus.ee\/en\/literary-street\/\" \/>\n<meta property=\"og:locale\" content=\"en_US\" \/>\n<meta property=\"og:type\" content=\"article\" \/>\n<meta property=\"og:title\" content=\"Literary Street - Tallinna Kirjanduskeskus\" \/>\n<meta property=\"og:description\" content=\"Literary Street Koidula Street in Kadriorg is a particularly connected with literary. Lydia Koidula is a great figure of Estonian poetry, 19th century romantic patriotic singer-songwriter. At the beginning of the street that bears his name is the home of the most important literary classic of our 20th century, A.&hellip;\" \/>\n<meta property=\"og:url\" content=\"https:\/\/kirjanduskeskus.ee\/en\/literary-street\/\" \/>\n<meta property=\"og:site_name\" content=\"Tallinna Kirjanduskeskus\" \/>\n<meta property=\"article:publisher\" content=\"https:\/\/www.facebook.com\/muuseumtammsaare\" \/>\n<meta property=\"article:modified_time\" content=\"2023-11-02T15:07:11+00:00\" \/>\n<meta property=\"og:image\" content=\"https:\/\/kirjanduskeskus.ee\/wp-content\/uploads\/2023\/07\/esikaas.jpeg\" \/>\n<meta name=\"twitter:card\" content=\"summary_large_image\" \/>\n<meta name=\"twitter:label1\" content=\"Est. reading time\" \/>\n\t<meta name=\"twitter:data1\" content=\"3 minutes\" \/>\n<script type=\"application\/ld+json\" class=\"yoast-schema-graph\">{\"@context\":\"https:\\\/\\\/schema.org\",\"@graph\":[{\"@type\":\"WebPage\",\"@id\":\"https:\\\/\\\/kirjanduskeskus.ee\\\/en\\\/literary-street\\\/\",\"url\":\"https:\\\/\\\/kirjanduskeskus.ee\\\/en\\\/literary-street\\\/\",\"name\":\"Literary Street - Tallinna Kirjanduskeskus\",\"isPartOf\":{\"@id\":\"https:\\\/\\\/kirjanduskeskus.ee\\\/en\\\/#website\"},\"primaryImageOfPage\":{\"@id\":\"https:\\\/\\\/kirjanduskeskus.ee\\\/en\\\/literary-street\\\/#primaryimage\"},\"image\":{\"@id\":\"https:\\\/\\\/kirjanduskeskus.ee\\\/en\\\/literary-street\\\/#primaryimage\"},\"thumbnailUrl\":\"https:\\\/\\\/kirjanduskeskus.ee\\\/wp-content\\\/uploads\\\/2023\\\/07\\\/esikaas.jpeg\",\"datePublished\":\"2023-03-21T19:50:46+00:00\",\"dateModified\":\"2023-11-02T15:07:11+00:00\",\"breadcrumb\":{\"@id\":\"https:\\\/\\\/kirjanduskeskus.ee\\\/en\\\/literary-street\\\/#breadcrumb\"},\"inLanguage\":\"en-US\",\"potentialAction\":[{\"@type\":\"ReadAction\",\"target\":[\"https:\\\/\\\/kirjanduskeskus.ee\\\/en\\\/literary-street\\\/\"]}]},{\"@type\":\"ImageObject\",\"inLanguage\":\"en-US\",\"@id\":\"https:\\\/\\\/kirjanduskeskus.ee\\\/en\\\/literary-street\\\/#primaryimage\",\"url\":\"https:\\\/\\\/kirjanduskeskus.ee\\\/wp-content\\\/uploads\\\/2023\\\/07\\\/esikaas.jpeg\",\"contentUrl\":\"https:\\\/\\\/kirjanduskeskus.ee\\\/wp-content\\\/uploads\\\/2023\\\/07\\\/esikaas.jpeg\"},{\"@type\":\"BreadcrumbList\",\"@id\":\"https:\\\/\\\/kirjanduskeskus.ee\\\/en\\\/literary-street\\\/#breadcrumb\",\"itemListElement\":[{\"@type\":\"ListItem\",\"position\":1,\"name\":\"Home\",\"item\":\"https:\\\/\\\/kirjanduskeskus.ee\\\/en\\\/\"},{\"@type\":\"ListItem\",\"position\":2,\"name\":\"Literary Street\"}]},{\"@type\":\"WebSite\",\"@id\":\"https:\\\/\\\/kirjanduskeskus.ee\\\/en\\\/#website\",\"url\":\"https:\\\/\\\/kirjanduskeskus.ee\\\/en\\\/\",\"name\":\"Tallinna Kirjanduskeskus\",\"description\":\"Tallinna Kirjanduskeskus\",\"publisher\":{\"@id\":\"https:\\\/\\\/kirjanduskeskus.ee\\\/en\\\/#organization\"},\"potentialAction\":[{\"@type\":\"SearchAction\",\"target\":{\"@type\":\"EntryPoint\",\"urlTemplate\":\"https:\\\/\\\/kirjanduskeskus.ee\\\/en\\\/?s={search_term_string}\"},\"query-input\":{\"@type\":\"PropertyValueSpecification\",\"valueRequired\":true,\"valueName\":\"search_term_string\"}}],\"inLanguage\":\"en-US\"},{\"@type\":\"Organization\",\"@id\":\"https:\\\/\\\/kirjanduskeskus.ee\\\/en\\\/#organization\",\"name\":\"Tallinna Kirjanduskeskus\",\"url\":\"https:\\\/\\\/kirjanduskeskus.ee\\\/en\\\/\",\"logo\":{\"@type\":\"ImageObject\",\"inLanguage\":\"en-US\",\"@id\":\"https:\\\/\\\/kirjanduskeskus.ee\\\/en\\\/#\\\/schema\\\/logo\\\/image\\\/\",\"url\":\"https:\\\/\\\/kirjanduskeskus.ee\\\/wp-content\\\/uploads\\\/2023\\\/05\\\/logo_et.webp\",\"contentUrl\":\"https:\\\/\\\/kirjanduskeskus.ee\\\/wp-content\\\/uploads\\\/2023\\\/05\\\/logo_et.webp\",\"width\":1492,\"height\":427,\"caption\":\"Tallinna Kirjanduskeskus\"},\"image\":{\"@id\":\"https:\\\/\\\/kirjanduskeskus.ee\\\/en\\\/#\\\/schema\\\/logo\\\/image\\\/\"},\"sameAs\":[\"https:\\\/\\\/www.facebook.com\\\/muuseumtammsaare\",\"https:\\\/\\\/www.facebook.com\\\/vildemuuseum\",\"https:\\\/\\\/www.facebook.com\\\/undimuuseum\"]}]}<\/script>\n<!-- \/ Yoast SEO plugin. -->","yoast_head_json":{"title":"Literary Street - Tallinna Kirjanduskeskus","robots":{"index":"index","follow":"follow","max-snippet":"max-snippet:-1","max-image-preview":"max-image-preview:large","max-video-preview":"max-video-preview:-1"},"canonical":"https:\/\/kirjanduskeskus.ee\/en\/literary-street\/","og_locale":"en_US","og_type":"article","og_title":"Literary Street - Tallinna Kirjanduskeskus","og_description":"Literary Street Koidula Street in Kadriorg is a particularly connected with literary. Lydia Koidula is a great figure of Estonian poetry, 19th century romantic patriotic singer-songwriter. At the beginning of the street that bears his name is the home of the most important literary classic of our 20th century, A.&hellip;","og_url":"https:\/\/kirjanduskeskus.ee\/en\/literary-street\/","og_site_name":"Tallinna Kirjanduskeskus","article_publisher":"https:\/\/www.facebook.com\/muuseumtammsaare","article_modified_time":"2023-11-02T15:07:11+00:00","og_image":[{"url":"https:\/\/kirjanduskeskus.ee\/wp-content\/uploads\/2023\/07\/esikaas.jpeg","type":"","width":"","height":""}],"twitter_card":"summary_large_image","twitter_misc":{"Est. reading time":"3 minutes"},"schema":{"@context":"https:\/\/schema.org","@graph":[{"@type":"WebPage","@id":"https:\/\/kirjanduskeskus.ee\/en\/literary-street\/","url":"https:\/\/kirjanduskeskus.ee\/en\/literary-street\/","name":"Literary Street - Tallinna Kirjanduskeskus","isPartOf":{"@id":"https:\/\/kirjanduskeskus.ee\/en\/#website"},"primaryImageOfPage":{"@id":"https:\/\/kirjanduskeskus.ee\/en\/literary-street\/#primaryimage"},"image":{"@id":"https:\/\/kirjanduskeskus.ee\/en\/literary-street\/#primaryimage"},"thumbnailUrl":"https:\/\/kirjanduskeskus.ee\/wp-content\/uploads\/2023\/07\/esikaas.jpeg","datePublished":"2023-03-21T19:50:46+00:00","dateModified":"2023-11-02T15:07:11+00:00","breadcrumb":{"@id":"https:\/\/kirjanduskeskus.ee\/en\/literary-street\/#breadcrumb"},"inLanguage":"en-US","potentialAction":[{"@type":"ReadAction","target":["https:\/\/kirjanduskeskus.ee\/en\/literary-street\/"]}]},{"@type":"ImageObject","inLanguage":"en-US","@id":"https:\/\/kirjanduskeskus.ee\/en\/literary-street\/#primaryimage","url":"https:\/\/kirjanduskeskus.ee\/wp-content\/uploads\/2023\/07\/esikaas.jpeg","contentUrl":"https:\/\/kirjanduskeskus.ee\/wp-content\/uploads\/2023\/07\/esikaas.jpeg"},{"@type":"BreadcrumbList","@id":"https:\/\/kirjanduskeskus.ee\/en\/literary-street\/#breadcrumb","itemListElement":[{"@type":"ListItem","position":1,"name":"Home","item":"https:\/\/kirjanduskeskus.ee\/en\/"},{"@type":"ListItem","position":2,"name":"Literary Street"}]},{"@type":"WebSite","@id":"https:\/\/kirjanduskeskus.ee\/en\/#website","url":"https:\/\/kirjanduskeskus.ee\/en\/","name":"Tallinna Kirjanduskeskus","description":"Tallinna Kirjanduskeskus","publisher":{"@id":"https:\/\/kirjanduskeskus.ee\/en\/#organization"},"potentialAction":[{"@type":"SearchAction","target":{"@type":"EntryPoint","urlTemplate":"https:\/\/kirjanduskeskus.ee\/en\/?s={search_term_string}"},"query-input":{"@type":"PropertyValueSpecification","valueRequired":true,"valueName":"search_term_string"}}],"inLanguage":"en-US"},{"@type":"Organization","@id":"https:\/\/kirjanduskeskus.ee\/en\/#organization","name":"Tallinna Kirjanduskeskus","url":"https:\/\/kirjanduskeskus.ee\/en\/","logo":{"@type":"ImageObject","inLanguage":"en-US","@id":"https:\/\/kirjanduskeskus.ee\/en\/#\/schema\/logo\/image\/","url":"https:\/\/kirjanduskeskus.ee\/wp-content\/uploads\/2023\/05\/logo_et.webp","contentUrl":"https:\/\/kirjanduskeskus.ee\/wp-content\/uploads\/2023\/05\/logo_et.webp","width":1492,"height":427,"caption":"Tallinna Kirjanduskeskus"},"image":{"@id":"https:\/\/kirjanduskeskus.ee\/en\/#\/schema\/logo\/image\/"},"sameAs":["https:\/\/www.facebook.com\/muuseumtammsaare","https:\/\/www.facebook.com\/vildemuuseum","https:\/\/www.facebook.com\/undimuuseum"]}]}},"_links":{"self":[{"href":"https:\/\/kirjanduskeskus.ee\/en\/wp-json\/wp\/v2\/pages\/6325","targetHints":{"allow":["GET"]}}],"collection":[{"href":"https:\/\/kirjanduskeskus.ee\/en\/wp-json\/wp\/v2\/pages"}],"about":[{"href":"https:\/\/kirjanduskeskus.ee\/en\/wp-json\/wp\/v2\/types\/page"}],"author":[{"embeddable":true,"href":"https:\/\/kirjanduskeskus.ee\/en\/wp-json\/wp\/v2\/users\/3"}],"replies":[{"embeddable":true,"href":"https:\/\/kirjanduskeskus.ee\/en\/wp-json\/wp\/v2\/comments?post=6325"}],"version-history":[{"count":6,"href":"https:\/\/kirjanduskeskus.ee\/en\/wp-json\/wp\/v2\/pages\/6325\/revisions"}],"predecessor-version":[{"id":7051,"href":"https:\/\/kirjanduskeskus.ee\/en\/wp-json\/wp\/v2\/pages\/6325\/revisions\/7051"}],"wp:attachment":[{"href":"https:\/\/kirjanduskeskus.ee\/en\/wp-json\/wp\/v2\/media?parent=6325"}],"curies":[{"name":"wp","href":"https:\/\/api.w.org\/{rel}","templated":true}]}}